{"id":259,"date":"2016-11-17T20:33:56","date_gmt":"2016-11-17T19:33:56","guid":{"rendered":"https:\/\/niekbrouw.nl\/es\/biografie-niek-brouw\/"},"modified":"2025-04-11T11:06:17","modified_gmt":"2025-04-11T10:06:17","slug":"biografia-niek-brouw","status":"publish","type":"page","link":"https:\/\/niekbrouw.nl\/es\/biografia-niek-brouw\/","title":{"rendered":"Biograf\u00eda Niek Brouw"},"content":{"rendered":"\n<p><strong><em>Niek (Nicolaas Adriaan Bernard) Brouw, nacido en 1943, es m\u00e9dico desde hace m\u00e1s de 50 a\u00f1os<\/em><\/strong><\/p>\n\n\n\n<p>Estudi\u00f3 medicina en la Universidad de Leiden (entre 1963 y 1971).<\/p>\n\n\n\n<p>Durante sus a\u00f1os de formaci\u00f3n, asisti\u00f3 a m\u00faltiples talleres y conferencias sobre etnolog\u00eda, historia del arte y religiones del mundo.<\/p>\n\n\n\n<p>En su \u00e9poca de estudiante, Niek trabaj\u00f3 en el laboratorio de Biolog\u00eda Celular e Histolog\u00eda Experimental, donde realiz\u00f3 investigaciones sobre la influencia en los huesos de las enfermedades por radiaci\u00f3n. En total, permaneci\u00f3 en este laboratorio durante 7 a\u00f1os..<\/p>\n\n\n\n<p>En 1970 empez\u00f3 a trabajar en el Banco de Sangre donde permaneci\u00f3 hasta 1988.<\/p>\n\n\n\n<p>Con el tiempo, se convirti\u00f3 en responsable del departamento de donantes (1971 -1988) y al mismo tiempo fue m\u00e9dico forense del personal del hospital de la Cruz Roja en La Haya.<\/p>\n\n\n\n<p>A trav\u00e9s del Banco de Sangre, en 1982 pas\u00f3 a formar parte del Comit\u00e9 del SIDA de La Haya. Desde 1971, Niek trabaj\u00f3 tambi\u00e9n como m\u00e9dico en el GAK, una organizaci\u00f3n de seguros para empleados, as\u00ed como para distintas consultas generales de La Haya.<\/p>\n\n\n\n<p><em>Durante este per\u00edodo, en su trabajo como m\u00e9dico, forense y observador, se dio cuenta de que la gente regresaba a la consulta repitiendo regularmente las mismas quejas.<\/em><\/p>\n\n\n\n<p><em>Durante todos los a\u00f1os que trabaj\u00f3 como m\u00e9dico, su investigaci\u00f3n quiso encontrar la forma de resolver definitivamente las dolencias de los pacientes. Gracias a ello, pudo desarrollar el m\u00e9todo del desarrollo motor.<\/em><\/p>\n\n\n\n<p>En 1972 entr\u00f3 en contacto con Maria Sickesz y se convirti\u00f3 en m\u00e9dico ortomanual (1976). En la medicina ortomanual (ahora <a href=\"https:\/\/www.google.nl\/search?q=%C2%BFQu%C3%A9+es+MSK%3F&amp;sca_esv=566849429&amp;source=hp&amp;ei=n5oKZcORPIeL9u8PlqeJWA&amp;iflsig=AO6bgOgAAAAAZQqosPoX3-XGLQd-GQ_1XSo5qSOeZ042&amp;ved=0ahUKEwiD3Y7v0LiBAxWHhf0HHZZTAgsQ4dUDCAo&amp;uact=5&amp;oq=%C2%BFQu%C3%A9+es+MSK%3F&amp;gs_lp=Egdnd3Mtd2l6Ig7Cv1F1w6kgZXMgTVNLPzIGEAAYFhgeMggQABgWGB4YCjIGEAAYFhgeMg0QABgWGB4YDxjxBBgKMggQABgWGB4YDzIIEAAYFhgeGA8yCBAAGBYYHhgKMggQABgWGB4YCjIGEAAYFhgeMggQABgWGB4YD0iDDlAAWABwAHgAkAEAmAE-oAE-qgEBMbgBA8gBAPgBAvgBAQ&amp;sclient=gws-wiz\">MSK<\/a>), la manipulaci\u00f3n de la pelvis y la columna es fundamental.<\/p>\n\n\n\n<p>Tambi\u00e9n realiz\u00f3 un curso de <a href=\"https:\/\/www.apgds.be\/methode-gds\/\">Chaines Musculaires bij Godelieve Struyf-Denis<\/a> en 1973. En 1974, \u00e9l y Godelieve dieron un curso en Bruselas, en el que Niek discuti\u00f3 el m\u00e9todo Sickesz y la conexi\u00f3n entre lo f\u00edsico y la psique en combinaci\u00f3n con la teor\u00eda de Godelieve.<\/p>\n\n\n\n<p>Entre 1974 y 1975 realiz\u00f3 investigaciones para el GAK sobre las neurosis en trabajadores invitados.<\/p>\n\n\n\n<p>En 1976, Niek comenz\u00f3 a ejercer como m\u00e9dico ortomanual, primero desde su casa y m\u00e1s tarde en Soendastraat en La Haya.<\/p>\n\n\n\n<p>Fue entonces cuando trat\u00f3 a un cantante franc\u00e9s que padec\u00eda la enfermedad de Scheuermann (una deformaci\u00f3n de la columna vertebral a la altura del pecho) y que le afectaba enormemente la calidad de la voz.<\/p>\n\n\n\n<div class=\"wp-block-columns is-layout-flex wp-container-core-columns-is-layout-9d6595d7 wp-block-columns-is-layout-flex\">\n<div class=\"wp-block-column is-layout-flow wp-block-column-is-layout-flow\" style=\"flex-basis:66.66%\">\n<p>Tras dos d\u00edas de tratamiento, la calidad de su voz mejor\u00f3 de forma espectacular, a pesar de haberlo intentado durante m\u00e1s de dos a\u00f1os desde que le diagnosticaron la enfermedad. Este notable hallazgo fue transmitido por su profesor de canto al entonces Ministerio de Bienestar Social, Salud P\u00fablica y Cultura, lo que dio lugar a una solicitud del ministerio para que se realizar\u00e1 una investigaci\u00f3n sobre \u201cla influencia de la actitud en la voz\u201d. Esa investigaci\u00f3n se llev\u00f3 a cabo entre 1978 y 1983 entre cantantes del Conservatorio de Amberes. Pudo haber sido un proyecto de investigaci\u00f3n de doctorado que, por determinadas circunstancias, no dio lugar a un ascenso.<\/p>\n\n\n\n<p>La investigaci\u00f3n y sus resultados aparecieron en forma de libro en 1983 como <a href=\"https:\/\/niekbrouw.nl\/es\/los-libros\/voz-y-cuerpo\/\">&#8216;Voz y cuerpo&#8217;<\/a> publicado por la editorial cient\u00edfica Stafleu.<\/p>\n<\/div>\n\n\n\n<div class=\"wp-block-column is-layout-flow wp-block-column-is-layout-flow\" style=\"flex-basis:33.33%\">\n<figure class=\"wp-block-image size-full\"><img loading=\"lazy\" decoding=\"async\" width=\"500\" height=\"680\" src=\"https:\/\/niekbrouw.nl\/wp-content\/uploads\/2023\/10\/StemLichaam.png\" alt=\"\" class=\"wp-image-1827\"\/><\/figure>\n<\/div>\n<\/div>\n\n\n\n<p><\/p>\n\n\n\n<p>En 1974 y 1975 realiz\u00f3 investigaciones para el GAK sobre las neurosis en trabajadores invitados.<\/p>\n\n\n\n<p>En 1978, Niek comenz\u00f3 a impartir cursos a m\u00e9dicos, fisioterapeutas, logopedas y dentistas, entre otros.<\/p>\n\n\n\n<div class=\"wp-block-columns is-layout-flex wp-container-core-columns-is-layout-9d6595d7 wp-block-columns-is-layout-flex\">\n<div class=\"wp-block-column is-layout-flow wp-block-column-is-layout-flow\" style=\"flex-basis:33.33%\">\n<figure class=\"wp-block-image size-full\"><img loading=\"lazy\" decoding=\"async\" width=\"500\" height=\"680\" src=\"https:\/\/niekbrouw.nl\/wp-content\/uploads\/2023\/09\/LiefdeAgressieDepressie.png\" alt=\"\" class=\"wp-image-1773\"\/><\/figure>\n<\/div>\n\n\n\n<div class=\"wp-block-column is-layout-flow wp-block-column-is-layout-flow\" style=\"flex-basis:66.66%\">\n<p>Escribi\u00f3 su segundo libro a principios de la d\u00e9cada de 1980, titulado \u00abAmor Agresi\u00f3n Depresi\u00f3n\u201d que fue publicado en 1985 por Tirion Medisch y desde entonces ha sido traducido y publicado en siete idiomas. <em>Titulado&nbsp;<\/em><a href=\"https:\/\/niekbrouw.nl\/es\/los-libros\/el-codigo-emocional-de-la-enfermedad\/\"><em>El c\u00f3digo emocional de la enfermedad<\/em><\/a><em>&#8216; en la edici\u00f3n espa\u00f1ola.<\/em><\/p>\n\n\n\n<p>Por esta \u00e9poca Niek conoce a Elinor Detiger, quien gracias a su red global de contactos, le invita a viajar a Estados Unidos.&nbsp; All\u00ed trabaj\u00f3 entre bastidores para las Naciones Unidas y mantuvo numerosos encuentros, entre otros, con el <a href=\"https:\/\/es.wikipedia.org\/wiki\/Dal\u00e1i_lama\">Dalai Lama<\/a>, <a href=\"https:\/\/en.wikipedia.org\/wiki\/Jean_Houston\">Jean Houston<\/a> y <a href=\"https:\/\/es.wikipedia.org\/wiki\/Elisabeth_K\u00fcbler-Ross\">Elisabeth K\u00fcbler-Ross<\/a>, una psiquiatra suiza que invent\u00f3 el concepto de hospicio.<\/p>\n<\/div>\n<\/div>\n\n\n\n<p><\/p>\n\n\n\n<p>La traducci\u00f3n al ingl\u00e9s de su segundo libro se public\u00f3 en 1993; \u201cAmor Agresi\u00f3n Depresi\u00f3n\u201d.<\/p>\n\n\n\n<p>Entre 1990 y 2002, Niek dio una serie de 29 conferencias en el Davidshuis de Rotterdam, publicadas todas en audiocasete. Ahora est\u00e1n disponibles en CD o MP3, s\u00f3lo en holand\u00e9s.<\/p>\n\n\n\n<p>Su pr\u00e1ctica en Soendastraat creci\u00f3 r\u00e1pidamente y eventualmente emple\u00f3 a 16 personas. Niek tambi\u00e9n form\u00f3 a varios terapeutas en los Pa\u00edses Bajos en habilidades motoras del desarrollo Niek Brouw. Se estaba dando a conocer por entonces en los Pa\u00edses Bajos. Adem\u00e1s de generar muchas reacciones positivas, tambi\u00e9n se despertaron ciertas resistencias. Sus ideas eran muy adelantadas para su tiempo.<\/p>\n\n\n\n<p>Desde la d\u00e9cada de 1990, la relaci\u00f3n con Estados Unidos fue creciendo hasta que recibi\u00f3 la codiciada tarjeta verde (permiso de trabajo) y form\u00f3 a varios terapeutas en el pa\u00eds. Viaj\u00f3 regularmente a Nueva York, Boston, Los \u00c1ngeles, San Diego y San Francisco para impartir cursos y tratar a pacientes.<\/p>\n\n\n\n<p>En el mismo per\u00edodo, Niek Brouw capacit\u00f3 a terapeutas en Australia y varios pa\u00edses europeos, incluidos Grecia, Alemania y Suiza, en el desarrollo de habilidades motoras.<\/p>\n\n\n\n<p>Desde 1991, adem\u00e1s de tratar a pacientes, ha impartido decenas de conferencias y cursos cada a\u00f1o a personas interesadas, pacientes y profesionales de todo el mundo.<\/p>\n\n\n\n<p>En 1999 traslad\u00f3 su consulta, Praktijk N.A.B. Brouw a las Thorbecketoren de La Haya. Algunos de los terapeutas contin\u00faan independientemente en este lugar como Pr\u00e1ctica de Medicina Preventiva (PPG; ahora Vitaal.nl).<\/p>\n\n\n\n<p>Niek trabaja actualmente como coach y consultor para los terapeutas de <a href=\"https:\/\/www.vitaal.nl\/\">Vitaal.nl<\/a>.<\/p>\n\n\n\n<div class=\"wp-block-columns is-layout-flex wp-container-core-columns-is-layout-9d6595d7 wp-block-columns-is-layout-flex\">\n<div class=\"wp-block-column is-layout-flow wp-block-column-is-layout-flow\" style=\"flex-basis:66.66%\">\n<p>A la vez se dedica a orientar a terapeutas ubicados en el extranjero, en ciudades como Atenas, San Francisco, Z\u00farich y Oslo.<\/p>\n\n\n\n<p>En el a\u00f1o 2000 Niek public\u00f3 su tercer libro \u00ab<a href=\"https:\/\/niekbrouw.nl\/es\/los-libros\/only-a-thief-has-something-to-hide\/\">S\u00f3lo un ladr\u00f3n tiene algo que esconder<\/a>\u00ab.<\/p>\n\n\n\n<p>En 2015 se fund\u00f3 la Fundaci\u00f3n para la Investigaci\u00f3n del M\u00e9todo Niek Brouw, ahora Fundaci\u00f3n para el Desarrollo Motor Niek Brouw, con el objetivo de difundir m\u00e1s ampliamente las ideas de Niek Brouw.<\/p>\n<\/div>\n\n\n\n<div class=\"wp-block-column is-layout-flow wp-block-column-is-layout-flow\" style=\"flex-basis:33.33%\">\n<figure class=\"wp-block-image size-full is-resized\"><img loading=\"lazy\" decoding=\"async\" width=\"500\" height=\"680\" src=\"https:\/\/niekbrouw.nl\/wp-content\/uploads\/2023\/09\/Verbergen.png\" alt=\"\" class=\"wp-image-1778\" style=\"aspect-ratio:0.7352941176470589;width:210px;height:auto\"\/><\/figure>\n<\/div>\n<\/div>\n\n\n\n<p><\/p>\n\n\n\n<p><strong><em>Cada vez est\u00e1 m\u00e1s claro que las ideas de Niek, muy adelantadas a su tiempo, ahora tambi\u00e9n son adoptadas por otros. Consideremos la influencia del per\u00edodo en el \u00fatero sobre el funcionamiento humano posnatal, la necesidad de adaptar los programas de tratamiento a cada individuo \u00fanico y la importancia de la memoria de las c\u00e9lulas humanas.<\/em><\/strong><\/p>\n","protected":false},"excerpt":{"rendered":"<p>El desarrollo de las habilidades motoras de Niek Brouw<br \/>\nEl punto de partida para Niek Brouw es el individuo \u00fanico y la persona en equilibrio.<br \/>\nBas\u00e1ndose en numerosas investigaciones comparativas, su propia capacidad de observaci\u00f3n y la integraci\u00f3n de otros puntos de vista y disciplinas, Niek Brouw desarroll\u00f3 un m\u00e9todo pr\u00e1ctico de tratamiento preventivos y curativos para todos.<\/p>\n<p>El desarrollo motor del cuerpo se puede impulsar mediante ejercicios espec\u00edficos de Desarrollo de habilidades motoras Niek Brouw.<br \/>\nA trav\u00e9s de ejercicios relativamente simples, se puede descubrir r\u00e1pidamente d\u00f3nde se est\u00e1 creando demasiada tensi\u00f3n o poca y d\u00f3nde se ha saltado alguna etapa en el desarrollo.<\/p>\n<p>Puedes leer m\u00e1s sobre el desarrollo de las habilidades motoras <a href=\"https:\/\/niekbrouw.nl\/es\/desarrollo-motoras\/\">aqu\u00ed<\/a>.<\/p>\n<p>\u00bfQuieres saber m\u00e1s sobre Niek Brouw? Haz clic <a href=\"https:\/\/niekbrouw.nl\/es\/biografia-niek-brouw\/\">aqu\u00ed<\/a> para leer su biograf\u00eda.<\/p>\n","protected":false},"author":4,"featured_media":87,"parent":0,"menu_order":10,"comment_status":"closed","ping_status":"closed","template":"","meta":{"_acf_changed":false,"footnotes":""},"class_list":["post-259","page","type-page","status-publish","has-post-thumbnail","hentry"],"acf":[],"yoast_head":"<!-- This site is optimized with the Yoast SEO plugin v27.6 - https:\/\/yoast.com\/product\/yoast-seo-wordpress\/ -->\n<title>Biograf\u00eda Niek Brouw - Stichting Ontwikkelingsmotoriek Niek Brouw<\/title>\n<meta name=\"robots\" content=\"index, follow, max-snippet:-1, max-image-preview:large, max-video-preview:-1\" \/>\n<link rel=\"canonical\" href=\"https:\/\/niekbrouw.nl\/es\/biografia-niek-brouw\/\" \/>\n<meta property=\"og:locale\" content=\"es_ES\" \/>\n<meta property=\"og:type\" content=\"article\" \/>\n<meta property=\"og:title\" content=\"Biograf\u00eda Niek Brouw - Stichting Ontwikkelingsmotoriek Niek Brouw\" \/>\n<meta property=\"og:description\" content=\"El desarrollo de las habilidades motoras de Niek Brouw El punto de partida para Niek Brouw es el individuo \u00fanico y la persona en equilibrio. Bas\u00e1ndose en numerosas investigaciones comparativas, su propia capacidad de observaci\u00f3n y la integraci\u00f3n de otros puntos de vista y disciplinas, Niek Brouw desarroll\u00f3 un m\u00e9todo pr\u00e1ctico de tratamiento preventivos y curativos para todos. El desarrollo motor del cuerpo se puede impulsar mediante ejercicios espec\u00edficos de Desarrollo de habilidades motoras Niek Brouw. A trav\u00e9s de ejercicios relativamente simples, se puede descubrir r\u00e1pidamente d\u00f3nde se est\u00e1 creando demasiada tensi\u00f3n o poca y d\u00f3nde se ha saltado alguna etapa en el desarrollo. Puedes leer m\u00e1s sobre el desarrollo de las habilidades motoras aqu\u00ed. \u00bfQuieres saber m\u00e1s sobre Niek Brouw? Haz clic aqu\u00ed para leer su biograf\u00eda.\" \/>\n<meta property=\"og:url\" content=\"https:\/\/niekbrouw.nl\/es\/biografia-niek-brouw\/\" \/>\n<meta property=\"og:site_name\" content=\"Stichting Ontwikkelingsmotoriek Niek Brouw\" \/>\n<meta property=\"article:modified_time\" content=\"2025-04-11T10:06:17+00:00\" \/>\n<meta property=\"og:image\" content=\"https:\/\/niekbrouw.nl\/wp-content\/uploads\/2016\/11\/Niek.png\" \/>\n\t<meta property=\"og:image:width\" content=\"448\" \/>\n\t<meta property=\"og:image:height\" content=\"434\" \/>\n\t<meta property=\"og:image:type\" content=\"image\/png\" \/>\n<meta name=\"twitter:card\" content=\"summary_large_image\" \/>\n<meta name=\"twitter:label1\" content=\"Tiempo de lectura\" \/>\n\t<meta name=\"twitter:data1\" content=\"6 minutos\" \/>\n<script type=\"application\/ld+json\" class=\"yoast-schema-graph\">{\"@context\":\"https:\\\/\\\/schema.org\",\"@graph\":[{\"@type\":\"WebPage\",\"@id\":\"https:\\\/\\\/niekbrouw.nl\\\/es\\\/biografia-niek-brouw\\\/\",\"url\":\"https:\\\/\\\/niekbrouw.nl\\\/es\\\/biografia-niek-brouw\\\/\",\"name\":\"Biograf\u00eda Niek Brouw - Stichting Ontwikkelingsmotoriek Niek Brouw\",\"isPartOf\":{\"@id\":\"https:\\\/\\\/niekbrouw.nl\\\/#website\"},\"primaryImageOfPage\":{\"@id\":\"https:\\\/\\\/niekbrouw.nl\\\/es\\\/biografia-niek-brouw\\\/#primaryimage\"},\"image\":{\"@id\":\"https:\\\/\\\/niekbrouw.nl\\\/es\\\/biografia-niek-brouw\\\/#primaryimage\"},\"thumbnailUrl\":\"https:\\\/\\\/niekbrouw.nl\\\/wp-content\\\/uploads\\\/2016\\\/11\\\/Niek.png\",\"datePublished\":\"2016-11-17T19:33:56+00:00\",\"dateModified\":\"2025-04-11T10:06:17+00:00\",\"breadcrumb\":{\"@id\":\"https:\\\/\\\/niekbrouw.nl\\\/es\\\/biografia-niek-brouw\\\/#breadcrumb\"},\"inLanguage\":\"es\",\"potentialAction\":[{\"@type\":\"ReadAction\",\"target\":[\"https:\\\/\\\/niekbrouw.nl\\\/es\\\/biografia-niek-brouw\\\/\"]}]},{\"@type\":\"ImageObject\",\"inLanguage\":\"es\",\"@id\":\"https:\\\/\\\/niekbrouw.nl\\\/es\\\/biografia-niek-brouw\\\/#primaryimage\",\"url\":\"https:\\\/\\\/niekbrouw.nl\\\/wp-content\\\/uploads\\\/2016\\\/11\\\/Niek.png\",\"contentUrl\":\"https:\\\/\\\/niekbrouw.nl\\\/wp-content\\\/uploads\\\/2016\\\/11\\\/Niek.png\",\"width\":448,\"height\":434},{\"@type\":\"BreadcrumbList\",\"@id\":\"https:\\\/\\\/niekbrouw.nl\\\/es\\\/biografia-niek-brouw\\\/#breadcrumb\",\"itemListElement\":[{\"@type\":\"ListItem\",\"position\":1,\"name\":\"Home\",\"item\":\"https:\\\/\\\/niekbrouw.nl\\\/es\\\/homepage\\\/\"},{\"@type\":\"ListItem\",\"position\":2,\"name\":\"Biograf\u00eda Niek Brouw\"}]},{\"@type\":\"WebSite\",\"@id\":\"https:\\\/\\\/niekbrouw.nl\\\/#website\",\"url\":\"https:\\\/\\\/niekbrouw.nl\\\/\",\"name\":\"Stichting Ontwikkelingsmotoriek Niek Brouw\",\"description\":\"Lees over de methode van Niek Brouw\",\"potentialAction\":[{\"@type\":\"SearchAction\",\"target\":{\"@type\":\"EntryPoint\",\"urlTemplate\":\"https:\\\/\\\/niekbrouw.nl\\\/?s={search_term_string}\"},\"query-input\":{\"@type\":\"PropertyValueSpecification\",\"valueRequired\":true,\"valueName\":\"search_term_string\"}}],\"inLanguage\":\"es\"}]}<\/script>\n<!-- \/ Yoast SEO plugin. -->","yoast_head_json":{"title":"Biograf\u00eda Niek Brouw - Stichting Ontwikkelingsmotoriek Niek Brouw","robots":{"index":"index","follow":"follow","max-snippet":"max-snippet:-1","max-image-preview":"max-image-preview:large","max-video-preview":"max-video-preview:-1"},"canonical":"https:\/\/niekbrouw.nl\/es\/biografia-niek-brouw\/","og_locale":"es_ES","og_type":"article","og_title":"Biograf\u00eda Niek Brouw - Stichting Ontwikkelingsmotoriek Niek Brouw","og_description":"El desarrollo de las habilidades motoras de Niek Brouw El punto de partida para Niek Brouw es el individuo \u00fanico y la persona en equilibrio. Bas\u00e1ndose en numerosas investigaciones comparativas, su propia capacidad de observaci\u00f3n y la integraci\u00f3n de otros puntos de vista y disciplinas, Niek Brouw desarroll\u00f3 un m\u00e9todo pr\u00e1ctico de tratamiento preventivos y curativos para todos. El desarrollo motor del cuerpo se puede impulsar mediante ejercicios espec\u00edficos de Desarrollo de habilidades motoras Niek Brouw. A trav\u00e9s de ejercicios relativamente simples, se puede descubrir r\u00e1pidamente d\u00f3nde se est\u00e1 creando demasiada tensi\u00f3n o poca y d\u00f3nde se ha saltado alguna etapa en el desarrollo. Puedes leer m\u00e1s sobre el desarrollo de las habilidades motoras aqu\u00ed. \u00bfQuieres saber m\u00e1s sobre Niek Brouw? Haz clic aqu\u00ed para leer su biograf\u00eda.","og_url":"https:\/\/niekbrouw.nl\/es\/biografia-niek-brouw\/","og_site_name":"Stichting Ontwikkelingsmotoriek Niek Brouw","article_modified_time":"2025-04-11T10:06:17+00:00","og_image":[{"width":448,"height":434,"url":"https:\/\/niekbrouw.nl\/wp-content\/uploads\/2016\/11\/Niek.png","type":"image\/png"}],"twitter_card":"summary_large_image","twitter_misc":{"Tiempo de lectura":"6 minutos"},"schema":{"@context":"https:\/\/schema.org","@graph":[{"@type":"WebPage","@id":"https:\/\/niekbrouw.nl\/es\/biografia-niek-brouw\/","url":"https:\/\/niekbrouw.nl\/es\/biografia-niek-brouw\/","name":"Biograf\u00eda Niek Brouw - Stichting Ontwikkelingsmotoriek Niek Brouw","isPartOf":{"@id":"https:\/\/niekbrouw.nl\/#website"},"primaryImageOfPage":{"@id":"https:\/\/niekbrouw.nl\/es\/biografia-niek-brouw\/#primaryimage"},"image":{"@id":"https:\/\/niekbrouw.nl\/es\/biografia-niek-brouw\/#primaryimage"},"thumbnailUrl":"https:\/\/niekbrouw.nl\/wp-content\/uploads\/2016\/11\/Niek.png","datePublished":"2016-11-17T19:33:56+00:00","dateModified":"2025-04-11T10:06:17+00:00","breadcrumb":{"@id":"https:\/\/niekbrouw.nl\/es\/biografia-niek-brouw\/#breadcrumb"},"inLanguage":"es","potentialAction":[{"@type":"ReadAction","target":["https:\/\/niekbrouw.nl\/es\/biografia-niek-brouw\/"]}]},{"@type":"ImageObject","inLanguage":"es","@id":"https:\/\/niekbrouw.nl\/es\/biografia-niek-brouw\/#primaryimage","url":"https:\/\/niekbrouw.nl\/wp-content\/uploads\/2016\/11\/Niek.png","contentUrl":"https:\/\/niekbrouw.nl\/wp-content\/uploads\/2016\/11\/Niek.png","width":448,"height":434},{"@type":"BreadcrumbList","@id":"https:\/\/niekbrouw.nl\/es\/biografia-niek-brouw\/#breadcrumb","itemListElement":[{"@type":"ListItem","position":1,"name":"Home","item":"https:\/\/niekbrouw.nl\/es\/homepage\/"},{"@type":"ListItem","position":2,"name":"Biograf\u00eda Niek Brouw"}]},{"@type":"WebSite","@id":"https:\/\/niekbrouw.nl\/#website","url":"https:\/\/niekbrouw.nl\/","name":"Stichting Ontwikkelingsmotoriek Niek Brouw","description":"Lees over de methode van Niek Brouw","potentialAction":[{"@type":"SearchAction","target":{"@type":"EntryPoint","urlTemplate":"https:\/\/niekbrouw.nl\/?s={search_term_string}"},"query-input":{"@type":"PropertyValueSpecification","valueRequired":true,"valueName":"search_term_string"}}],"inLanguage":"es"}]}},"_links":{"self":[{"href":"https:\/\/niekbrouw.nl\/es\/wp-json\/wp\/v2\/pages\/259","targetHints":{"allow":["GET"]}}],"collection":[{"href":"https:\/\/niekbrouw.nl\/es\/wp-json\/wp\/v2\/pages"}],"about":[{"href":"https:\/\/niekbrouw.nl\/es\/wp-json\/wp\/v2\/types\/page"}],"author":[{"embeddable":true,"href":"https:\/\/niekbrouw.nl\/es\/wp-json\/wp\/v2\/users\/4"}],"replies":[{"embeddable":true,"href":"https:\/\/niekbrouw.nl\/es\/wp-json\/wp\/v2\/comments?post=259"}],"version-history":[{"count":15,"href":"https:\/\/niekbrouw.nl\/es\/wp-json\/wp\/v2\/pages\/259\/revisions"}],"predecessor-version":[{"id":1878,"href":"https:\/\/niekbrouw.nl\/es\/wp-json\/wp\/v2\/pages\/259\/revisions\/1878"}],"wp:featuredmedia":[{"embeddable":true,"href":"https:\/\/niekbrouw.nl\/es\/wp-json\/wp\/v2\/media\/87"}],"wp:attachment":[{"href":"https:\/\/niekbrouw.nl\/es\/wp-json\/wp\/v2\/media?parent=259"}],"curies":[{"name":"wp","href":"https:\/\/api.w.org\/{rel}","templated":true}]}}